{"id":381,"date":"2021-04-26T12:47:19","date_gmt":"2021-04-26T12:47:19","guid":{"rendered":"https:\/\/www.jsemtuprotebe.cz\/?page_id=381"},"modified":"2025-10-24T13:44:12","modified_gmt":"2025-10-24T11:44:12","slug":"reference","status":"publish","type":"page","link":"https:\/\/www.jsemtuprotebe.cz\/index.php\/reference\/","title":{"rendered":"Reference"},"content":{"rendered":"\n<div class=\"wp-block-group\"><div class=\"wp-block-group__inner-container is-layout-flow wp-block-group-is-layout-flow\">\n<div class=\"wp-block-columns is-layout-flex wp-container-core-columns-is-layout-9d6595d7 wp-block-columns-is-layout-flex\">\n<div class=\"wp-block-column is-layout-flow wp-block-column-is-layout-flow\" style=\"flex-basis:100%\">\n<div class=\"wp-block-group\"><div class=\"wp-block-group__inner-container is-layout-flow wp-block-group-is-layout-flow\">\n<div class=\"wp-block-group\"><div class=\"wp-block-group__inner-container is-layout-flow wp-block-group-is-layout-flow\">\n<p>&#8222;<em>Na setk\u00e1n\u00ed s Evou jsem za\u017e\u00edval plnou pozornost, z\u00e1jem, p\u0159ijet\u00ed a citliv\u00fd a vn\u00edmav\u00fd p\u0159\u00edstup. Po celou dobu jsem se c\u00edtil bezpe\u010dn\u011b a respektov\u00e1n. V\u017edy jsem v\u011bd\u011bl, co se bude d\u00edt d\u00e1l a byl dotazov\u00e1n, zda s t\u00edm souhlas\u00edm. Eva dala pot\u0159ebn\u00fd prostor tomu, co jsem pro\u017e\u00edval a byla vn\u00edmav\u00e1 k m\u00fdm pot\u0159eb\u00e1m.&nbsp;Jej\u00ed pr\u00e1ce je jemn\u00e1, ohledupln\u00e1, a pln\u00e1 pochopen\u00ed.<\/em>&#8222;<\/p>\n\n\n\n<p><strong>Ji\u0159\u00ed, program\u00e1tor<\/strong><\/p>\n\n\n\n<p><\/p>\n\n\n\n<p>&#8222;<em>Nev\u00edm, jak to dok\u00e1zala, ale Eva m\u011b pom\u011brn\u011b rychle vr\u00e1tila na cestu, ze kter\u00e9 jsem velmi d\u00e1vno a postupn\u011b se\u0161el tak daleko, a\u017e jsem vyhledal (jej\u00ed) odbornou pomoc. Otev\u0159eli jsme jen n\u011bkolik t\u00e9mat, mnohem v\u00edc je\u0161t\u011b ne, ale na ta u\u017e (snad) nebude muset doj\u00edt. Sezen\u00ed s n\u00ed jsou p\u0159irozen\u00e1 &#8211; nebude na v\u00e1s tla\u010dit ani nal\u00e9hat dopt\u00e1v\u00e1n\u00edm se detail\u016f, nebude v\u00e1m ale br\u00e1nit projevit se a t\u0159eba se i vybre\u010det. Eva dok\u00e1\u017ee vytvo\u0159it bezpe\u010dn\u00fd prostor a neboj\u00ed se d\u00e1t lidsk\u00fd dotek.<\/em>&#8222;<\/p>\n\n\n\n<p><strong>Jan, IT specialista<\/strong><\/p>\n\n\n\n<p><\/p>\n\n\n\n<p><em>&#8222;L\u00edb\u00ed se mi zp\u016fsob, jak Eva pracuje. Skv\u011ble dok\u00e1\u017ee vystihnout podstatu a pak skrz pr\u00e1ci s t\u011blem m\u011b dov\u00e9st k napojen\u00ed na m\u00e9 vnit\u0159n\u00ed zdroje. Tento ojedin\u011bl\u00fd zp\u016fsob pr\u00e1ce m\u00e1 za n\u00e1sledek, \u017ee u\u017e je nemus\u00edm hledat vn\u011b ve form\u011b z\u00e1vislosti, ale jsou rozvinut\u00e9 uvnit\u0159 m\u011b. Z\u00e1rove\u0148 d\u00edky tomu pak c\u00edt\u00edm v\u011bt\u0161\u00ed svobodu.<\/em>&#8222;<\/p>\n\n\n\n<p><strong>Martina Z\u00e1\u0159ick\u00e1, bankovn\u00ed poradkyn\u011b<\/strong><\/p>\n\n\n\n<p><\/p>\n\n\n\n<p>&#8222;<em>U Evy jsem na\u0161la jemn\u00fd, citliv\u00fd p\u0159\u00edstup, kdy se \u010dlov\u011bk c\u00edt\u00ed opravdu vn\u00edman\u00fd. A na v\u0161e, opravdu na v\u0161e, je \u010das. D\u011bkuji <img loading=\"lazy\" decoding=\"async\" height=\"16\" width=\"16\" src=\"https:\/\/static.xx.fbcdn.net\/images\/emoji.php\/v9\/t80\/1\/16\/1f64f.png\" alt=\"\ud83d\ude4f\"><\/em>&#8222;<\/p>\n\n\n\n<p><strong>L\u00edda Salemova Mejdrova, terapeutka<\/strong><\/p>\n\n\n\n<p><\/p>\n<\/div><\/div>\n<\/div><\/div>\n<\/div>\n<\/div>\n\n\n\n<p class=\"has-text-align-left\">&#8222;<em>Evi\u010dka je ve\u013emi citliv\u00e1 a vn\u00edmav\u00e1 \u017eena, pracuje s telom ako n\u00e1strojom na uvo\u013e\u0148ovanie emocii, ktor\u00e9 s\u00fa potla\u010den\u00e9 a m\u00f4\u017eu tak sp\u00f4sobova\u0165 r\u00f4zne bloky v \u017eivote. S l\u00e1skav\u00fdm pr\u00edstupom cez telesne pocity a impulzy vedie k prejaveniu, pochopeniu a t\u00fdm spracovaniu dan\u00e9ho tematu. Spolupr\u00e1ca s \u0148ou je ve\u013emi pr\u00edjemn\u00e1, srde\u010dne doporu\u010dujem <img loading=\"lazy\" decoding=\"async\" height=\"16\" width=\"16\" src=\"https:\/\/static.xx.fbcdn.net\/images\/emoji.php\/v9\/ta5\/1.5\/16\/1f642.png\" alt=\"\ud83d\ude42\"><\/em>&#8222;<\/p>\n\n\n\n<p><strong>Ivanka Figlarov\u00e1, HR mana\u017eerka<\/strong><\/p>\n\n\n\n<p><\/p>\n<\/div><\/div>\n\n\n\n<p>&#8222;<em>Ahoj Evi, m\u00e1m pocit, \u017ee st\u00e1le dob\u00edh\u00e1 ta posledn\u00ed mas\u00e1\u017e. Kupodivu siln\u011bj\u0161\u00ed ne\u017e ta p\u0159ede\u0161l\u00e1. Bylo to fakt intenzivn\u00ed. Je to jako by se znovu rodila moje identita. Jako bych si mnohem v\u00edc uv\u011bdomovala kdo jsem, kde je moje m\u00edsto a co chci. Ta p\u0159ede\u0161l\u00e1 byla taky dobr\u00e1, ale jen tam n\u011bco do\u0165uklo. Zat\u00edmco toto je masivn\u00ed p\u0159erod do nov\u00e9 podoby. Neboj\u00edm se v situaci, v n\u00ed\u017e jsem se d\u0159\u00edv b\u00e1la.<\/em>&#8222;<\/p>\n\n\n\n<p><strong>Martina Fl\u00eddrov\u00e1, fundraiserka<\/strong><\/p>\n\n\n\n<p><\/p>\n\n\n\n<p>&#8222;<em>Sle\u010dnu terapeutku Evu m\u016f\u017eu v\u0159ele doporu\u010dit v\u0161em, kdo si aktu\u00e1ln\u011b nev\u00ed rady s n\u011bjak\u00fdm smutkem, kter\u00fd je dlouhodob\u00fd. Je velice p\u0159\u00edjemn\u00e1, vst\u0159\u00edcn\u00e1 a p\u0159esto v\u017edy uv\u00e1\u017eliv\u00e1 a profesion\u00e1ln\u00ed. Je ochotn\u00e1 poskytnout sv\u016fj \u010das, aby skute\u010dn\u011b pomohla. Velmi kladn\u011b bych tak\u00e9 hodnotila jej\u00ed v\u011bdeckou z\u00e1kladnu a dal\u0161\u00ed doporu\u010denou literaturu. Pro m\u011b je nejkr\u00e1sn\u011bj\u0161\u00ed z terapeutick\u00fdch kv\u011bt\u016f, kter\u00fd jsem poznala<\/em> \ud83d\udc4d<img loading=\"lazy\" decoding=\"async\" width=\"16\" height=\"16\" src=\"blob:https:\/\/www.jsemtuprotebe.cz\/58ebf796-23fb-48a0-bde7-466d9d536bd7\" alt=\"\u2665\ufe0f\">\ud83c\udff5\ufe0f&#8220;<\/p>\n\n\n\n<p><strong> Kate\u0159ina He\u010dkov\u00e1<\/strong><\/p>\n\n\n\n<p><\/p>\n\n\n\n<p>&#8222;<em>Eva je jedin\u00e1 mas\u00e9rka a terapeutka, u kter\u00e9 se c\u00edt\u00edm \u00fapln\u011b bezpe\u010dn\u011b a m\u016f\u017eu se naprosto uvolnit. C\u00edt\u00edm, \u017ee ct\u00ed m\u016fj vlastn\u00ed prostor a pro\u017eitek, do ni\u010deho mne netla\u010d\u00ed. Odch\u00e1z\u00edm od n\u00ed jako po n\u011bkolikadenn\u00edm wellness pobytu, jakoby ze mne spadlo z\u00e1va\u017e\u00ed. Nav\u00edc se v\u017edycky zaj\u00edm\u00e1 jak se c\u00edt\u00edm i p\u00e1r dn\u00ed po mas\u00e1\u017ei. Je moc fajn c\u00edtit se tak hezky \u201cope\u010dovan\u00e1\u201d.<\/em>&#8222;<\/p>\n\n\n\n<p><strong>Martina Fialov\u00e1<\/strong><\/p>\n\n\n\n<p><\/p>\n\n\n\n<p><em>&#8222;Na na\u0161\u00ed spolupr\u00e1ci si cen\u00edm tv\u00e9ho laskav\u00e9ho, citliv\u00e9ho a jemn\u00e9ho p\u0159\u00edstupu ke v\u0161emu, co se b\u011bhem terapie objevilo. Velkou hodnotu vid\u00edm v tom, \u017ee jsme spole\u010dn\u011b vytvo\u0159ili bezpe\u010dn\u00fd vztah a prostor pro p\u0159ijet\u00ed a odtruchlen\u00ed bolav\u00e9 zku\u0161enosti, se kterou jsem se c\u00edtil osamocen\u00fd a s\u00e1m jsem si nedok\u00e1zal pomoct.<\/em><\/p>\n\n\n\n<p><em>Body-psychoterapii jsem vyhledal kv\u016fli pot\u0159eb\u011b integrace vzpom\u00ednek na ztr\u00e1tu sv\u00e9ho d\u011blo\u017en\u00edho dvoj\u010dete do sv\u00e9ho \u017eivotn\u00edho p\u0159\u00edb\u011bhu. Terapie mi pomohla l\u00e9pe c\u00edtit sv\u00e9 t\u011blo, jeho hranice, a pro\u017e\u00edt vzpom\u00ednky a pocity, kter\u00e9 vznikly v obdob\u00ed, kdy je\u0161t\u011b nebylo rozvinut\u00e9 vn\u00edm\u00e1n\u00ed \u010dasu a za\u0159adit je do p\u0159\u00edb\u011bhu sv\u00e9ho \u017eivota. D\u00edky terapii dok\u00e1\u017eu l\u00e9pe p\u0159ijmout ztr\u00e1tu sv\u00e9ho d\u011blo\u017en\u00edho dvoj\u010dete, jako sou\u010d\u00e1st \u017eivota. Postupn\u011b jsem pro\u0161el p\u0159ijet\u00edm situace, pod\u011bkov\u00e1n\u00edm i ritu\u00e1ln\u00edm rozlou\u010den\u00edm. Pochopen\u00edm, \u017ee to, na co jsem pohl\u00ed\u017eel jako na nejv\u011bt\u0161\u00ed \u017eivotn\u00ed ztr\u00e1tu, m\u016f\u017ee b\u00fdt z\u00e1rove\u0148 i darem.<\/em><\/p>\n\n\n\n<p><em>Nejv\u00edce m\u011b oslovilo intuitivn\u00ed n\u00e1sledov\u00e1n\u00ed reakc\u00ed a pot\u0159eb t\u011bla, kter\u00e9 se vyno\u0159ovaly v pr\u016fb\u011bhu rozhovoru, t\u011blo si \u0159\u00edkalo co pot\u0159ebuje, naslouchali jsme a n\u00e1sledovali impulsy. Tak\u00e9 kotven\u00ed v t\u011ble pomoc\u00ed m\u00edst, kter\u00e1 se c\u00edt\u00ed dob\u0159e a veden\u00e9 imaginace. Moc p\u0159\u00edjemn\u00e9 byly i erogenetic mas\u00e1\u017ee, p\u0159i kter\u00fdch t\u011blo odpo\u010d\u00edv\u00e1, zpracov\u00e1v\u00e1 t\u00e9mata a impulsy bez zapojen\u00ed v\u011bdom\u00e9 mysli. Oce\u0148oval jsem pestrou nab\u00eddku technik, kter\u00fdm bychom se mohli na jednotliv\u00fdch sezen\u00edch v\u011bnovat podle t\u00e9mat, kter\u00e1 vyvst\u00e1vala b\u011bhem rozhovoru. Nejv\u00edc jsem se t\u011b\u0161il na ukl\u00e1d\u00e1n\u00ed hlavy do pohodln\u00e9ho hn\u00edzde\u010dka z p\u0159ikr\u00fdvky.<\/em>&#8222;<\/p>\n\n\n\n<p><strong>Martin<\/strong><\/p>\n\n\n\n<p><\/p>\n\n\n\n<p>&#8222;<em>K Ev\u011b chod\u00edm dlouhodob\u011b na skv\u011bl\u00e9 Erogenetic mas\u00e1\u017en\u00ed o\u0161et\u0159en\u00ed. Nejv\u00edce mi pomohla v dob\u011b, kdy se mi v\u00fdrazn\u011b podlomilo zdrav\u00ed, m\u016fj stav byl vy\u010derp\u00e1vaj\u00edc\u00ed a bylo n\u00e1ro\u010dn\u00e9 fungovat ka\u017ed\u00fd jeden den. T\u00edmto obdob\u00edm m\u011b dok\u00e1zala Eva prov\u00e1zet s pochopen\u00edm, citlivost\u00ed, bez zbyte\u010dn\u00fdch \u0159e\u010d\u00ed a b\u00fdt pevnou kotvou prostoru pro m\u011b, nad\u011bj\u00ed, l\u00e9\u010divou silou a skute\u010dn\u00fdm \u010dlov\u011bkem, kter\u00fd m\u011b vn\u00edm\u00e1. Jedine\u010dn\u00e1 je jej\u00ed hlubok\u00e1 p\u0159\u00edtomnost a kvalita doteku p\u0159i mas\u00e1\u017ei, kter\u00e1 mi umo\u017en\u00ed pro\u017e\u00edvat moje vnit\u0159n\u00ed procesy s pocitem bezpe\u010d\u00ed, klidu a uvoln\u011bn\u00ed. Je velmi l\u00e9\u010div\u00e9 moci b\u00fdt hluboce sama se sebou a z\u00e1rove\u0148 c\u00edtit, trval\u00fd proud jej\u00edho pe\u010duj\u00edc\u00edho kontaktu. Spolu.<\/em>&#8222;<\/p>\n\n\n\n<p><strong>Lenka Sp\u011bv\u00e1\u010dkov\u00e1<\/strong><\/p>\n\n\n\n<p><\/p>\n\n\n\n<p>&#8222;<em>Evi\u010dka \u2013 terapeutka, kterou chcete m\u00edt po sv\u00e9m boku<\/em><\/p>\n\n\n\n<p><em>S Evi\u010dkou jsem sd\u00edlela sedm let terapeutick\u00e9ho v\u00fdcviku pokoj. Tak\u017ee ji zn\u00e1m z t\u00e9 nejnitern\u011bj\u0161\u00ed str\u00e1nky. Na prvn\u00ed pohled mo\u017en\u00e1 k\u0159ehk\u00e1 a plach\u00e1, ale s ka\u017ed\u00fdm dal\u0161\u00edm dnem se z pouh\u00e9ho sd\u00edlen\u00ed vedlej\u0161\u00ed&nbsp;post\u00fdlky stalo hlubok\u00e9 p\u0159\u00e1telstv\u00ed a respekt.<\/em><\/p>\n\n\n\n<p><em>Ve v\u00fdcviku se \u010dlov\u011bku obr\u00e1t\u00ed du\u0161e naruby a zp\u00e1tky, a pr\u00e1v\u011b tady se pozn\u00e1 skute\u010dn\u00fd p\u0159\u00edtel, charakter a opravdov\u00e1 podpora. Evi\u010dka byla v\u017edy p\u0159ipraven\u00e1 pomoci, ale nejen t\u00edm tradi\u010dn\u00edm, o\u010dek\u00e1van\u00fdm zp\u016fsobem. Jej\u00ed origin\u00e1ln\u00ed p\u0159\u00edstup, smysl pro humor, schopnost porozum\u011bt i t\u011bm nejtemn\u011bj\u0161\u00edm n\u00e1lad\u00e1m a smutk\u016fm, a z\u00e1rove\u0148 p\u0159ekvapiv\u00e1 nekompromisnost \u2013 to jsou jej\u00ed dary, kter\u00fdmi ne\u0161et\u0159\u00ed.<\/em><\/p>\n\n\n\n<p><em>Pokud hled\u00e1te terapeutku, kter\u00e1 v\u00e1s nejen vyslechne, ale tak\u00e9 opravdu uvid\u00ed, pochop\u00ed a provede, s Evou jste v t\u011bch nejlep\u0161\u00edch rukou. Doporu\u010duji ji z cel\u00e9ho srdce.&nbsp;<\/em><img loading=\"lazy\" decoding=\"async\" width=\"16\" height=\"16\" src=\"blob:https:\/\/www.jsemtuprotebe.cz\/58ebf796-23fb-48a0-bde7-466d9d536bd7\" alt=\"\u2665\ufe0f\">&#8222;<\/p>\n\n\n\n<p><strong>Simona Barbry, kou\u010dka a lektorka<\/strong><\/p>\n\n\n\n<p><\/p>\n","protected":false},"excerpt":{"rendered":"<p>&#8222;Na setk\u00e1n\u00ed s Evou jsem za\u017e\u00edval plnou pozornost, z\u00e1jem, p\u0159ijet\u00ed a citliv\u00fd a vn\u00edmav\u00fd p\u0159\u00edstup. Po celou dobu jsem se c\u00edtil bezpe\u010dn\u011b a respektov\u00e1n. V\u017edy jsem v\u011bd\u011bl, co se bude d\u00edt d\u00e1l a byl dotazov\u00e1n, zda s t\u00edm souhlas\u00edm. Eva dala pot\u0159ebn\u00fd prostor tomu, co jsem pro\u017e\u00edval a byla vn\u00edmav\u00e1 k m\u00fdm pot\u0159eb\u00e1m.&nbsp;Jej\u00ed pr\u00e1ce je &hellip; <\/p>\n<p class=\"link-more\"><a href=\"https:\/\/www.jsemtuprotebe.cz\/index.php\/reference\/\" class=\"more-link\">Pokra\u010dovat ve \u010dten\u00ed<span class=\"screen-reader-text\"> &#8222;Reference&#8220;<\/span><\/a><\/p>\n","protected":false},"author":1,"featured_media":0,"parent":0,"menu_order":0,"comment_status":"closed","ping_status":"closed","template":"","meta":{"footnotes":""},"class_list":["post-381","page","type-page","status-publish","hentry"],"_links":{"self":[{"href":"https:\/\/www.jsemtuprotebe.cz\/index.php\/wp-json\/wp\/v2\/pages\/381","targetHints":{"allow":["GET"]}}],"collection":[{"href":"https:\/\/www.jsemtuprotebe.cz\/index.php\/wp-json\/wp\/v2\/pages"}],"about":[{"href":"https:\/\/www.jsemtuprotebe.cz\/index.php\/wp-json\/wp\/v2\/types\/page"}],"author":[{"embeddable":true,"href":"https:\/\/www.jsemtuprotebe.cz\/index.php\/wp-json\/wp\/v2\/users\/1"}],"replies":[{"embeddable":true,"href":"https:\/\/www.jsemtuprotebe.cz\/index.php\/wp-json\/wp\/v2\/comments?post=381"}],"version-history":[{"count":33,"href":"https:\/\/www.jsemtuprotebe.cz\/index.php\/wp-json\/wp\/v2\/pages\/381\/revisions"}],"predecessor-version":[{"id":1377,"href":"https:\/\/www.jsemtuprotebe.cz\/index.php\/wp-json\/wp\/v2\/pages\/381\/revisions\/1377"}],"wp:attachment":[{"href":"https:\/\/www.jsemtuprotebe.cz\/index.php\/wp-json\/wp\/v2\/media?parent=381"}],"curies":[{"name":"wp","href":"https:\/\/api.w.org\/{rel}","templated":true}]}}