{"id":611,"date":"2021-05-17T16:41:30","date_gmt":"2021-05-17T16:41:30","guid":{"rendered":"https:\/\/www.jsemtuprotebe.cz\/?page_id=611"},"modified":"2025-10-18T19:46:39","modified_gmt":"2025-10-18T17:46:39","slug":"o-mne","status":"publish","type":"page","link":"https:\/\/www.jsemtuprotebe.cz\/index.php\/o-mne\/","title":{"rendered":"Vzd\u011bl\u00e1n\u00ed"},"content":{"rendered":"\n<div class=\"wp-block-group\"><div class=\"wp-block-group__inner-container is-layout-flow wp-block-group-is-layout-flow\"><div class=\"wp-block-image is-resized is-style-rounded\">\n<figure class=\"aligncenter size-medium\"><img loading=\"lazy\" decoding=\"async\" width=\"300\" height=\"300\" src=\"https:\/\/www.jsemtuprotebe.cz\/wp-content\/uploads\/2021\/10\/Eva-Sochorova_wombtwin-1-300x300.jpg\" alt=\"Body-psychoterapie Eva Sochorov\u00e1\" class=\"wp-image-894\" srcset=\"https:\/\/www.jsemtuprotebe.cz\/wp-content\/uploads\/2021\/10\/Eva-Sochorova_wombtwin-1-300x300.jpg 300w, https:\/\/www.jsemtuprotebe.cz\/wp-content\/uploads\/2021\/10\/Eva-Sochorova_wombtwin-1-1024x1024.jpg 1024w, https:\/\/www.jsemtuprotebe.cz\/wp-content\/uploads\/2021\/10\/Eva-Sochorova_wombtwin-1-150x150.jpg 150w, https:\/\/www.jsemtuprotebe.cz\/wp-content\/uploads\/2021\/10\/Eva-Sochorova_wombtwin-1-768x768.jpg 768w, https:\/\/www.jsemtuprotebe.cz\/wp-content\/uploads\/2021\/10\/Eva-Sochorova_wombtwin-1-100x100.jpg 100w, https:\/\/www.jsemtuprotebe.cz\/wp-content\/uploads\/2021\/10\/Eva-Sochorova_wombtwin-1.jpg 1201w\" sizes=\"auto, (max-width: 300px) 100vw, 300px\" \/><\/figure><\/div><\/div><\/div>\n\n\n\n<div class=\"wp-block-columns is-layout-flex wp-container-core-columns-is-layout-9d6595d7 wp-block-columns-is-layout-flex\">\n<div class=\"wp-block-column is-vertically-aligned-center is-layout-flow wp-block-column-is-layout-flow\" style=\"flex-basis:100%\">\n<p><\/p>\n\n\n\n<h2 class=\"wp-block-heading has-text-align-center has-black-color has-text-color has-background\" style=\"background-color:#f9e8f5\">Body-psychoterapeut<\/h2>\n\n\n\n<p class=\"has-text-align-left\">Absolvovala jsem <strong><a href=\"https:\/\/www.vycviky.cz\/\" data-type=\"URL\" data-id=\"https:\/\/www.vycviky.cz\/\">biodynamickou body-psychoterapii<\/a>  <\/strong>s Monou Lisou a Ebbou Boyesen pod z\u00e1\u0161titou <a href=\"https:\/\/biodynamik.de\/\" data-type=\"URL\" data-id=\"https:\/\/biodynamik.de\/\">Evropsk\u00e9 \u0161koly pro biodynamickou psychologii ESBPE<\/a> (v\u00fdcvik 2018-2024), <strong>Erogenetic\u00ae- na zdroje orientovanou body-psychoterapii<\/strong> s Gussie Grace Wallem (v\u00fdcvik 2019-2023) a v letech 2017 a\u017e 2019 jsem absolvovala v\u00fdcvik <strong>pr\u00e1ce s\u00a0prenat\u00e1ln\u00edm a porodn\u00edm traumatem Praxe integrov\u00e1n\u00ed porodn\u00ed dynamiky <\/strong>s Jullianem Gustavsonem. D\u00e1le jsem <strong>Somatic Experiencing informovan\u00fd terapeut<\/strong>. Absolvovala jsem kurz s dr. Peterem Levinem a dr. Diane Poole Heller zam\u011b\u0159en\u00fd na somatick\u00e9 l\u00e9\u010den\u00ed komplexn\u00edho trauma (Restoring Resilience: Somatic Healing from Complex Trauma). V sou\u010dasnosti spolupracuji s <strong>Institutem l\u00e9\u010den\u00ed a prevence traumatu <\/strong>\u0160\u00e1rky a Zde\u0148ka Weberov\u00fdch a jsem facilit\u00e1torkou transparentn\u00ed kruhov\u00e9 komunikace.<\/p>\n\n\n\n<p><\/p>\n<\/div>\n<\/div>\n\n\n\n<div class=\"wp-block-columns is-layout-flex wp-container-core-columns-is-layout-9d6595d7 wp-block-columns-is-layout-flex\">\n<div class=\"wp-block-column is-vertically-aligned-center is-layout-flow wp-block-column-is-layout-flow\" style=\"flex-basis:100%\">\n<p><\/p>\n\n\n\n<h2 class=\"wp-block-heading has-text-align-center has-black-color has-text-color has-background\" style=\"background-color:#f9e8f5\">Homeopat<\/h2>\n\n\n\n<p>Druh\u00fdm rokem studuji <a href=\"https:\/\/ceskahomeopatie.cz\/\" data-type=\"link\" data-id=\"https:\/\/ceskahomeopatie.cz\/\">\u010ceskou \u0161kolu klasick\u00e9 a postklasick\u00e9 homeopatie<\/a> a Medic\u00ednsk\u00e9 minimum \u010cesk\u00e9 komory klasick\u00e9 homeopatie. Pracuji pod superviz\u00ed Mgr. Pavla Opelky, RHom, zakladatele postklasick\u00e9 metody v \u010cR.<\/p>\n<\/div>\n<\/div>\n\n\n\n<h2 class=\"wp-block-heading has-text-align-center has-black-color has-text-color has-background\" style=\"background-color:#f9e8f5\">Poradce pro poz\u016fstal\u00e9<\/h2>\n\n\n\n<p class=\"has-text-align-left\">Jsem poradkyn\u00ed pro poz\u016fstal\u00e9 na z\u00e1klad\u011b profesn\u00ed kvalifikace Poradce\/poradkyn\u011b pro poz\u016fstal\u00e9 69-020-M (autorizuj\u00edc\u00ed org\u00e1n &#8211; Ministerstvo pro m\u00edstn\u00ed rozvoj).<\/p>\n","protected":false},"excerpt":{"rendered":"<p>Body-psychoterapeut Absolvovala jsem biodynamickou body-psychoterapii s Monou Lisou a Ebbou Boyesen pod z\u00e1\u0161titou Evropsk\u00e9 \u0161koly pro biodynamickou psychologii ESBPE (v\u00fdcvik 2018-2024), Erogenetic\u00ae- na zdroje orientovanou body-psychoterapii s Gussie Grace Wallem (v\u00fdcvik 2019-2023) a v letech 2017 a\u017e 2019 jsem absolvovala v\u00fdcvik pr\u00e1ce s\u00a0prenat\u00e1ln\u00edm a porodn\u00edm traumatem Praxe integrov\u00e1n\u00ed porodn\u00ed dynamiky s Jullianem Gustavsonem. D\u00e1le jsem &hellip; <\/p>\n<p class=\"link-more\"><a href=\"https:\/\/www.jsemtuprotebe.cz\/index.php\/o-mne\/\" class=\"more-link\">Pokra\u010dovat ve \u010dten\u00ed<span class=\"screen-reader-text\"> &#8222;Vzd\u011bl\u00e1n\u00ed&#8220;<\/span><\/a><\/p>\n","protected":false},"author":1,"featured_media":0,"parent":0,"menu_order":0,"comment_status":"closed","ping_status":"closed","template":"","meta":{"footnotes":""},"class_list":["post-611","page","type-page","status-publish","hentry"],"_links":{"self":[{"href":"https:\/\/www.jsemtuprotebe.cz\/index.php\/wp-json\/wp\/v2\/pages\/611","targetHints":{"allow":["GET"]}}],"collection":[{"href":"https:\/\/www.jsemtuprotebe.cz\/index.php\/wp-json\/wp\/v2\/pages"}],"about":[{"href":"https:\/\/www.jsemtuprotebe.cz\/index.php\/wp-json\/wp\/v2\/types\/page"}],"author":[{"embeddable":true,"href":"https:\/\/www.jsemtuprotebe.cz\/index.php\/wp-json\/wp\/v2\/users\/1"}],"replies":[{"embeddable":true,"href":"https:\/\/www.jsemtuprotebe.cz\/index.php\/wp-json\/wp\/v2\/comments?post=611"}],"version-history":[{"count":37,"href":"https:\/\/www.jsemtuprotebe.cz\/index.php\/wp-json\/wp\/v2\/pages\/611\/revisions"}],"predecessor-version":[{"id":1371,"href":"https:\/\/www.jsemtuprotebe.cz\/index.php\/wp-json\/wp\/v2\/pages\/611\/revisions\/1371"}],"wp:attachment":[{"href":"https:\/\/www.jsemtuprotebe.cz\/index.php\/wp-json\/wp\/v2\/media?parent=611"}],"curies":[{"name":"wp","href":"https:\/\/api.w.org\/{rel}","templated":true}]}}